{"id":74,"date":"2024-12-16T12:54:59","date_gmt":"2024-12-16T12:54:59","guid":{"rendered":"http:\/\/www.zimmerei-michael-braun.de\/?page_id=74"},"modified":"2025-03-17T10:40:53","modified_gmt":"2025-03-17T10:40:53","slug":"74-2","status":"publish","type":"page","link":"http:\/\/www.zimmerei-michael-braun.de\/?page_id=74","title":{"rendered":"Unsere Arbeit"},"content":{"rendered":"<p>[et_pb_section fb_built=&#8220;1&#8243; custom_padding_last_edited=&#8220;off|desktop&#8220; admin_label=&#8220;Header&#8220; _builder_version=&#8220;4.27.4&#8243; _module_preset=&#8220;default&#8220; background_color=&#8220;gcid-7dfdc17c-7506-4338-b58d-302c85bae964&#8243; background_enable_image=&#8220;off&#8220; custom_padding=&#8220;8vw||8vw||true|false&#8220; custom_padding_tablet=&#8220;100px||100px||true|false&#8220; custom_padding_phone=&#8220;60px||60px||true|false&#8220; global_colors_info=&#8220;{%22gcid-7dfdc17c-7506-4338-b58d-302c85bae964%22:%91%22background_color%22%93}&#8220;][et_pb_row _builder_version=&#8220;4.16&#8243; _module_preset=&#8220;default&#8220; global_colors_info=&#8220;{}&#8220;][et_pb_column type=&#8220;4_4&#8243; _builder_version=&#8220;4.16&#8243; _module_preset=&#8220;default&#8220; global_colors_info=&#8220;{}&#8220;][et_pb_text _builder_version=&#8220;4.16&#8243; _module_preset=&#8220;d72c0383-6487-4f2c-ac5c-7d48a6376757&#8243; header_font=&#8220;Urbanist|700|||||||&#8220; header_text_color=&#8220;#FFFFFF&#8220; header_font_size=&#8220;80px&#8220; header_line_height=&#8220;1.1em&#8220; text_orientation=&#8220;center&#8220; custom_margin=&#8220;||10px||false|false&#8220; header_font_size_tablet=&#8220;40px&#8220; header_font_size_phone=&#8220;24px&#8220; header_font_size_last_edited=&#8220;on|phone&#8220; global_colors_info=&#8220;{}&#8220;]<\/p>\n<h1>Lass dich von uns \u00fcberzeugen&#8230;<\/h1>\n<p>[\/et_pb_text][et_pb_text _builder_version=&#8220;4.16&#8243; _module_preset=&#8220;1d866de3-b108-4c5f-bed3-2da9506a6915&#8243; header_font=&#8220;||||||||&#8220; header_4_font=&#8220;Urbanist|700|||||||&#8220; header_4_text_color=&#8220;#FFFFFF&#8220; header_4_font_size=&#8220;24px&#8220; header_4_line_height=&#8220;1.5em&#8220; text_orientation=&#8220;center&#8220; custom_margin=&#8220;||0px||false|false&#8220; hover_enabled=&#8220;0&#8243; header_4_font_size_tablet=&#8220;20px&#8220; header_4_font_size_phone=&#8220;16px&#8220; header_4_font_size_last_edited=&#8220;on|desktop&#8220; locked=&#8220;off&#8220; global_colors_info=&#8220;{}&#8220; sticky_enabled=&#8220;0&#8243;]<\/p>\n<h4>Dachstuhl, Holzbau, Dachdecken, Dachfl\u00e4chenfenster, Altbausanierung, Umbau, Caport, \u00dcberdachung, Ger\u00e4teschuppen, Nebengeb\u00e4ude, Zaunanlagen, Terrassen, Innenausbau, uvm.<\/h4>\n<p>[\/et_pb_text][et_pb_button button_url=&#8220;mailto:info@zimmerei-michael-braun.de%20&#8243; button_text=&#8220;Jetzt kontaktieren&#8220; button_alignment=&#8220;center&#8220; _builder_version=&#8220;4.27.4&#8243; _module_preset=&#8220;8b6229b2-dc28-4c69-889e-1f4c585ac2b8&#8243; custom_button=&#8220;on&#8220; button_text_size=&#8220;14px&#8220; button_text_color=&#8220;#000000&#8243; button_bg_color=&#8220;gcid-48df9734-933e-4eec-a29e-4f671eeae890&#8243; button_border_width=&#8220;0px&#8220; button_border_radius=&#8220;0px&#8220; button_letter_spacing=&#8220;0.2em&#8220; button_font=&#8220;Urbanist|700||on|||||&#8220; custom_padding=&#8220;18px|30px|18px|30px|true|true&#8220; custom_padding_tablet=&#8220;16px|20px|16px|20px|true|true&#8220; custom_padding_phone=&#8220;13px|18px|13px|18px|true|true&#8220; custom_padding_last_edited=&#8220;on|phone&#8220; button_text_size_tablet=&#8220;&#8220; button_text_size_phone=&#8220;12px&#8220; button_text_size_last_edited=&#8220;on|phone&#8220; global_colors_info=&#8220;{%22gcid-48df9734-933e-4eec-a29e-4f671eeae890%22:%91%22button_bg_color%22%93,%22gcid-a15d1ac1-0571-4ac7-a46d-5f424cf956a9%22:%91%22button_bg_color__hover%22%93}&#8220; button_bg_color__hover=&#8220;#595857&#8243; button_bg_color__hover_enabled=&#8220;on|hover&#8220; button_bg_enable_color__hover=&#8220;on&#8220; button_text_size__hover_enabled=&#8220;on|hover&#8220; button_text_color__hover_enabled=&#8220;on|desktop&#8220; button_text_color__hover=&#8220;#FFFFFF&#8220; button_text_size__hover=&#8220;14px&#8220;][\/et_pb_button][\/et_pb_column][\/et_pb_row][\/et_pb_section][et_pb_section fb_built=&#8220;1&#8243; admin_label=&#8220;About&#8220; _builder_version=&#8220;4.27.4&#8243; _module_preset=&#8220;default&#8220; background_color=&#8220;#E9ECEB&#8220; background_color_gradient_direction=&#8220;90deg&#8220; background_color_gradient_start=&#8220;#e9eceb&#8220; background_color_gradient_end=&#8220;rgba(0,0,0,0)&#8220; background_enable_image=&#8220;off&#8220; custom_padding=&#8220;0px||0px|||&#8220; background_last_edited=&#8220;off|desktop&#8220; use_background_color_gradient_tablet=&#8220;on&#8220; background_color_gradient_stops_tablet=&#8220;rgba(233,236,235,0.8) 0%|rgba(233,236,235,0.8) 100%&#8220; background_color_gradient_start_tablet=&#8220;rgba(233,236,235,0.8)&#8220; background_color_gradient_end_tablet=&#8220;rgba(233,236,235,0.8)&#8220; global_colors_info=&#8220;{}&#8220;][et_pb_row _builder_version=&#8220;4.27.4&#8243; _module_preset=&#8220;default&#8220; width=&#8220;90%&#8220; max_width=&#8220;1440px&#8220; global_colors_info=&#8220;{}&#8220;][et_pb_column type=&#8220;4_4&#8243; _builder_version=&#8220;4.27.4&#8243; _module_preset=&#8220;default&#8220; global_colors_info=&#8220;{}&#8220;][et_pb_gallery gallery_ids=&#8220;190,207,240,252,239,226,225,219,241,231,227,218,220,199,222,244,192,235,233&#8243; posts_number=&#8220;16&#8243; show_title_and_caption=&#8220;off&#8220; show_pagination=&#8220;off&#8220; _builder_version=&#8220;4.27.4&#8243; _module_preset=&#8220;default&#8220; background_color=&#8220;RGBA(255,255,255,0)&#8220; global_colors_info=&#8220;{}&#8220;][\/et_pb_gallery][\/et_pb_column][\/et_pb_row][et_pb_row _builder_version=&#8220;4.27.4&#8243; _module_preset=&#8220;default&#8220; global_colors_info=&#8220;{}&#8220;][et_pb_column type=&#8220;4_4&#8243; _builder_version=&#8220;4.27.4&#8243; _module_preset=&#8220;default&#8220; global_colors_info=&#8220;{}&#8220;][\/et_pb_column][\/et_pb_row][\/et_pb_section][et_pb_section fb_built=&#8220;1&#8243; admin_label=&#8220;Footer&#8220; _builder_version=&#8220;4.27.4&#8243; _module_preset=&#8220;default&#8220; background_color=&#8220;gcid-7dfdc17c-7506-4338-b58d-302c85bae964&#8243; use_background_color_gradient=&#8220;on&#8220; background_color_gradient_direction=&#8220;90deg&#8220; background_color_gradient_stops=&#8220;gcid-7dfdc17c-7506-4338-b58d-302c85bae964 53%|rgba(0,0,0,0) 53%&#8220; background_color_gradient_overlays_image=&#8220;on&#8220; background_color_gradient_start=&#8220;#2f5349&#8243; background_color_gradient_start_position=&#8220;56%&#8220; background_color_gradient_end=&#8220;rgba(0,0,0,0)&#8220; background_color_gradient_end_position=&#8220;56%&#8220; background_image=&#8220;http:\/\/www.zimmerei-michael-braun.de\/wp-content\/uploads\/2025\/02\/PXL_20230315_103212971-1-scaled.jpg&#8220; custom_padding=&#8220;0px||||false|false&#8220; background_last_edited=&#8220;on|desktop&#8220; background_color_gradient_stops_tablet=&#8220;#2f5349 100%|rgba(0,0,0,0) 100%&#8220; background_color_gradient_start_position_tablet=&#8220;100%&#8220; background_color_gradient_end_position_tablet=&#8220;100%&#8220; background_enable_image_tablet=&#8220;off&#8220; saved_tabs=&#8220;all&#8220; locked=&#8220;off&#8220; global_colors_info=&#8220;{%22gcid-7dfdc17c-7506-4338-b58d-302c85bae964%22:%91%22background_color%22,%22background_color_gradient_stops%22%93}&#8220;][et_pb_row column_structure=&#8220;1_2,1_2&#8243; make_equal=&#8220;on&#8220; _builder_version=&#8220;4.27.4&#8243; _module_preset=&#8220;default&#8220; background_color=&#8220;#28292D&#8220; custom_padding=&#8220;0px||0px||true|false&#8220; global_colors_info=&#8220;{}&#8220;][et_pb_column type=&#8220;1_2&#8243; _builder_version=&#8220;4.27.4&#8243; _module_preset=&#8220;default&#8220; background_color=&#8220;gcid-7dfdc17c-7506-4338-b58d-302c85bae964&#8243; custom_padding=&#8220;100px|60px|30px||false|false&#8220; custom_padding_tablet=&#8220;60px|0px|60px||true|false&#8220; custom_padding_phone=&#8220;60px|0px|60px||true|false&#8220; custom_padding_last_edited=&#8220;on|phone&#8220; global_colors_info=&#8220;{%22gcid-7dfdc17c-7506-4338-b58d-302c85bae964%22:%91%22background_color%22%93}&#8220;][et_pb_text _builder_version=&#8220;4.27.4&#8243; _module_preset=&#8220;3a5fa9a7-7987-4564-89a5-37b87a5b6ad8&#8243; header_font=&#8220;||||||||&#8220; header_3_font=&#8220;Urbanist|700|||||||&#8220; header_3_text_color=&#8220;#FFFFFF&#8220; header_3_font_size=&#8220;32px&#8220; header_3_line_height=&#8220;1.4em&#8220; background_layout=&#8220;dark&#8220; custom_margin=&#8220;||10px||false|false&#8220; header_3_font_size_tablet=&#8220;20px&#8220; header_3_font_size_phone=&#8220;16px&#8220; header_3_font_size_last_edited=&#8220;on|phone&#8220; locked=&#8220;off&#8220; global_colors_info=&#8220;{}&#8220;]<\/p>\n<h3 style=\"text-align: center;\">Wir freuen uns auf dein Projekt.<\/h3>\n<p>[\/et_pb_text][et_pb_text _builder_version=&#8220;4.27.4&#8243; _module_preset=&#8220;16a54059-cc81-4572-9c70-eda6a6c419bf&#8220; text_text_color=&#8220;rgba(255,255,255,0.6)&#8220; text_font_size=&#8220;16px&#8220; text_line_height=&#8220;2em&#8220; background_layout=&#8220;dark&#8220; text_font_size_tablet=&#8220;15px&#8220; text_font_size_phone=&#8220;14px&#8220; text_font_size_last_edited=&#8220;on|phone&#8220; header_font_size_tablet=&#8220;55px&#8220; header_font_size_last_edited=&#8220;off|desktop&#8220; locked=&#8220;off&#8220; global_colors_info=&#8220;{}&#8220;]<\/p>\n<p style=\"text-align: center;\">Egal ob Dachstuhl, Holzbau, Gartenzaun und vieles mehr &#8211; wir sind ihr Partner.<\/p>\n<p>[\/et_pb_text][et_pb_button button_url=&#8220;mailto:info@zimmerei-michael-braun.de&#8220; button_text=&#8220;Jetzt Mail senden&#8220; button_alignment=&#8220;center&#8220; _builder_version=&#8220;4.27.4&#8243; _module_preset=&#8220;fd4cbe8d-44bb-4497-977d-4a9151abc25c&#8220; custom_button=&#8220;on&#8220; button_text_size=&#8220;14px&#8220; button_text_color=&#8220;#000000&#8243; button_bg_color=&#8220;gcid-48df9734-933e-4eec-a29e-4f671eeae890&#8243; button_border_width=&#8220;0px&#8220; button_border_radius=&#8220;0px&#8220; button_letter_spacing=&#8220;0.2em&#8220; button_font=&#8220;Urbanist|700||on|||||&#8220; custom_padding=&#8220;18px|30px|18px|30px|true|true&#8220; custom_padding_tablet=&#8220;16px|20px|16px|20px|true|true&#8220; custom_padding_phone=&#8220;13px|18px|13px|18px|true|true&#8220; custom_padding_last_edited=&#8220;on|phone&#8220; button_text_size_tablet=&#8220;&#8220; button_text_size_phone=&#8220;12px&#8220; button_text_size_last_edited=&#8220;on|phone&#8220; global_colors_info=&#8220;{%22gcid-48df9734-933e-4eec-a29e-4f671eeae890%22:%91%22button_bg_color%22%93,%22gcid-a15d1ac1-0571-4ac7-a46d-5f424cf956a9%22:%91%22button_bg_color__hover%22%93}&#8220; button_bg_color__hover=&#8220;#595857&#8243; button_bg_color__hover_enabled=&#8220;on|hover&#8220; button_bg_enable_color__hover=&#8220;on&#8220; button_text_color__hover_enabled=&#8220;on|hover&#8220; button_text_color__hover=&#8220;#FFFFFF&#8220;][\/et_pb_button][\/et_pb_column][et_pb_column type=&#8220;1_2&#8243; _builder_version=&#8220;4.16&#8243; _module_preset=&#8220;default&#8220; custom_padding=&#8220;100px|60px|30px||false|false&#8220; custom_padding_tablet=&#8220;40px|30px|40px|30px|true|true&#8220; custom_padding_phone=&#8220;|20px||20px|false|true&#8220; custom_padding_last_edited=&#8220;on|phone&#8220; global_colors_info=&#8220;{}&#8220;][et_pb_text _builder_version=&#8220;4.27.4&#8243; _module_preset=&#8220;4deaa1a6-d0cd-49d0-ada3-8dc22addd086&#8243; header_4_font=&#8220;Urbanist|800||on|||||&#8220; header_4_text_color=&#8220;gcid-48df9734-933e-4eec-a29e-4f671eeae890&#8243; header_4_font_size=&#8220;16px&#8220; header_4_letter_spacing=&#8220;0.4em&#8220; header_4_line_height=&#8220;1.4em&#8220; custom_margin=&#8220;||0px||false|false&#8220; header_4_font_size_tablet=&#8220;14px&#8220; header_4_font_size_phone=&#8220;12px&#8220; header_4_font_size_last_edited=&#8220;on|desktop&#8220; locked=&#8220;off&#8220; global_colors_info=&#8220;{%22gcid-48df9734-933e-4eec-a29e-4f671eeae890%22:%91%22header_4_text_color%22%93}&#8220;]<\/p>\n<h4>Ruf uns an<\/h4>\n<p>[\/et_pb_text][et_pb_text _builder_version=&#8220;4.16&#8243; _module_preset=&#8220;7c6f8f23-f33e-40b2-bf4c-26f4c5032887&#8243; text_font=&#8220;Urbanist|700|||||||&#8220; text_font_size=&#8220;56px&#8220; text_line_height=&#8220;1.4em&#8220; link_text_color=&#8220;#FFFFFF&#8220; custom_margin=&#8220;||30px||false|false&#8220; text_font_size_tablet=&#8220;32px&#8220; text_font_size_phone=&#8220;20px&#8220; text_font_size_last_edited=&#8220;on|phone&#8220; locked=&#8220;off&#8220; global_colors_info=&#8220;{}&#8220;]<\/p>\n<p><span style=\"color: #ffffff;\">0179 \/ 5 96 63 72<\/span><\/p>\n<p>[\/et_pb_text][et_pb_text _builder_version=&#8220;4.27.4&#8243; _module_preset=&#8220;4deaa1a6-d0cd-49d0-ada3-8dc22addd086&#8243; header_4_font=&#8220;Urbanist|800||on|||||&#8220; header_4_text_color=&#8220;gcid-48df9734-933e-4eec-a29e-4f671eeae890&#8243; header_4_font_size=&#8220;16px&#8220; header_4_letter_spacing=&#8220;0.4em&#8220; header_4_line_height=&#8220;1.4em&#8220; custom_margin=&#8220;||0px||false|false&#8220; header_4_font_size_tablet=&#8220;14px&#8220; header_4_font_size_phone=&#8220;12px&#8220; header_4_font_size_last_edited=&#8220;on|desktop&#8220; locked=&#8220;off&#8220; global_colors_info=&#8220;{%22gcid-48df9734-933e-4eec-a29e-4f671eeae890%22:%91%22header_4_text_color%22%93}&#8220;]<\/p>\n<h4>Oder schreibe uns<\/h4>\n<p>[\/et_pb_text][et_pb_text _builder_version=&#8220;4.16&#8243; _module_preset=&#8220;7c6f8f23-f33e-40b2-bf4c-26f4c5032887&#8243; text_font=&#8220;Urbanist|700|||||||&#8220; text_font_size=&#8220;56px&#8220; text_line_height=&#8220;1.4em&#8220; link_text_color=&#8220;#FFFFFF&#8220; custom_margin=&#8220;||30px||false|false&#8220; text_font_size_tablet=&#8220;32px&#8220; text_font_size_phone=&#8220;20px&#8220; text_font_size_last_edited=&#8220;on|phone&#8220; locked=&#8220;off&#8220; global_colors_info=&#8220;{}&#8220;]<\/p>\n<p><span class=\"contact\"><\/span><span style=\"color: #ffffff;\">info@zimmerei-michael-braun.de <\/span><\/p>\n<p>[\/et_pb_text][\/et_pb_column][\/et_pb_row][\/et_pb_section]<\/p>\n","protected":false},"excerpt":{"rendered":"<p>Lass dich von uns \u00fcberzeugen&#8230;Dachstuhl, Holzbau, Dachdecken, Dachfl\u00e4chenfenster, Altbausanierung, Umbau, Caport, \u00dcberdachung, Ger\u00e4teschuppen, Nebengeb\u00e4ude, Zaunanlagen, Terrassen, Innenausbau, uvm.Wir freuen uns auf dein Projekt.Egal ob Dachstuhl, Holzbau, Gartenzaun und vieles mehr &#8211; wir sind ihr Partner.Ruf uns an0179 \/ 5 96 63 72Oder schreibe unsinfo@zimmerei-michael-braun.de<\/p>\n","protected":false},"author":1,"featured_media":0,"parent":0,"menu_order":0,"comment_status":"closed","ping_status":"closed","template":"","meta":{"_et_pb_use_builder":"on","_et_pb_old_content":"","_et_gb_content_width":"","footnotes":""},"class_list":["post-74","page","type-page","status-publish","hentry"],"_links":{"self":[{"href":"http:\/\/www.zimmerei-michael-braun.de\/index.php?rest_route=\/wp\/v2\/pages\/74","targetHints":{"allow":["GET"]}}],"collection":[{"href":"http:\/\/www.zimmerei-michael-braun.de\/index.php?rest_route=\/wp\/v2\/pages"}],"about":[{"href":"http:\/\/www.zimmerei-michael-braun.de\/index.php?rest_route=\/wp\/v2\/types\/page"}],"author":[{"embeddable":true,"href":"http:\/\/www.zimmerei-michael-braun.de\/index.php?rest_route=\/wp\/v2\/users\/1"}],"replies":[{"embeddable":true,"href":"http:\/\/www.zimmerei-michael-braun.de\/index.php?rest_route=%2Fwp%2Fv2%2Fcomments&post=74"}],"version-history":[{"count":5,"href":"http:\/\/www.zimmerei-michael-braun.de\/index.php?rest_route=\/wp\/v2\/pages\/74\/revisions"}],"predecessor-version":[{"id":297,"href":"http:\/\/www.zimmerei-michael-braun.de\/index.php?rest_route=\/wp\/v2\/pages\/74\/revisions\/297"}],"wp:attachment":[{"href":"http:\/\/www.zimmerei-michael-braun.de\/index.php?rest_route=%2Fwp%2Fv2%2Fmedia&parent=74"}],"curies":[{"name":"wp","href":"https:\/\/api.w.org\/{rel}","templated":true}]}}